{"id":450,"date":"2024-05-24T10:30:23","date_gmt":"2024-05-24T10:30:23","guid":{"rendered":"https:\/\/zoomstaffing.ro\/?page_id=450"},"modified":"2024-07-22T10:12:26","modified_gmt":"2024-07-22T10:12:26","slug":"cookie-policy","status":"publish","type":"page","link":"https:\/\/zoomstaffing.ro\/ro\/cookie-policy\/","title":{"rendered":"Politica cookie"},"content":{"rendered":"<div data-elementor-type=\"wp-page\" data-elementor-id=\"450\" class=\"elementor elementor-450\" data-elementor-post-type=\"page\">\n\t\t\t\t\t\t<section class=\"elementor-section elementor-top-section elementor-element elementor-element-3ace728 elementor-section-boxed elementor-section-height-default elementor-section-height-default\" data-id=\"3ace728\" data-element_type=\"section\" data-settings=\"{&quot;background_background&quot;:&quot;classic&quot;}\">\n\t\t\t\t\t\t\t<div class=\"elementor-background-overlay\"><\/div>\n\t\t\t\t\t\t\t<div class=\"elementor-container elementor-column-gap-default\">\n\t\t\t\t\t<div class=\"elementor-column elementor-col-100 elementor-top-column elementor-element elementor-element-6d7b841\" data-id=\"6d7b841\" data-element_type=\"column\">\n\t\t\t<div class=\"elementor-widget-wrap elementor-element-populated\">\n\t\t\t\t\t\t<div class=\"elementor-element elementor-element-3d5fc0d elementor-widget elementor-widget-heading\" data-id=\"3d5fc0d\" data-element_type=\"widget\" data-widget_type=\"heading.default\">\n\t\t\t\t<div class=\"elementor-widget-container\">\n\t\t\t<style>\/*! elementor - v3.23.0 - 05-08-2024 *\/\n.elementor-heading-title{padding:0;margin:0;line-height:1}.elementor-widget-heading .elementor-heading-title[class*=elementor-size-]>a{color:inherit;font-size:inherit;line-height:inherit}.elementor-widget-heading .elementor-heading-title.elementor-size-small{font-size:15px}.elementor-widget-heading .elementor-heading-title.elementor-size-medium{font-size:19px}.elementor-widget-heading .elementor-heading-title.elementor-size-large{font-size:29px}.elementor-widget-heading .elementor-heading-title.elementor-size-xl{font-size:39px}.elementor-widget-heading .elementor-heading-title.elementor-size-xxl{font-size:59px}<\/style><h2 class=\"elementor-heading-title elementor-size-default\">Politica cookie <\/h2>\t\t<\/div>\n\t\t\t\t<\/div>\n\t\t\t\t\t<\/div>\n\t\t<\/div>\n\t\t\t\t\t<\/div>\n\t\t<\/section>\n\t\t\t\t<section class=\"elementor-section elementor-top-section elementor-element elementor-element-bb34ef1 elementor-section-boxed elementor-section-height-default elementor-section-height-default\" data-id=\"bb34ef1\" data-element_type=\"section\">\n\t\t\t\t\t\t<div class=\"elementor-container elementor-column-gap-default\">\n\t\t\t\t\t<div class=\"elementor-column elementor-col-100 elementor-top-column elementor-element elementor-element-11c1de6\" data-id=\"11c1de6\" data-element_type=\"column\">\n\t\t\t<div class=\"elementor-widget-wrap elementor-element-populated\">\n\t\t\t\t\t\t<div class=\"elementor-element elementor-element-41261c1 elementor-widget elementor-widget-spacer\" data-id=\"41261c1\" data-element_type=\"widget\" data-widget_type=\"spacer.default\">\n\t\t\t\t<div class=\"elementor-widget-container\">\n\t\t\t<style>\/*! elementor - v3.23.0 - 05-08-2024 *\/\n.elementor-column .elementor-spacer-inner{height:var(--spacer-size)}.e-con{--container-widget-width:100%}.e-con-inner>.elementor-widget-spacer,.e-con>.elementor-widget-spacer{width:var(--container-widget-width,var(--spacer-size));--align-self:var(--container-widget-align-self,initial);--flex-shrink:0}.e-con-inner>.elementor-widget-spacer>.elementor-widget-container,.e-con>.elementor-widget-spacer>.elementor-widget-container{height:100%;width:100%}.e-con-inner>.elementor-widget-spacer>.elementor-widget-container>.elementor-spacer,.e-con>.elementor-widget-spacer>.elementor-widget-container>.elementor-spacer{height:100%}.e-con-inner>.elementor-widget-spacer>.elementor-widget-container>.elementor-spacer>.elementor-spacer-inner,.e-con>.elementor-widget-spacer>.elementor-widget-container>.elementor-spacer>.elementor-spacer-inner{height:var(--container-widget-height,var(--spacer-size))}.e-con-inner>.elementor-widget-spacer.elementor-widget-empty,.e-con>.elementor-widget-spacer.elementor-widget-empty{position:relative;min-height:22px;min-width:22px}.e-con-inner>.elementor-widget-spacer.elementor-widget-empty .elementor-widget-empty-icon,.e-con>.elementor-widget-spacer.elementor-widget-empty .elementor-widget-empty-icon{position:absolute;top:0;bottom:0;left:0;right:0;margin:auto;padding:0;width:22px;height:22px}<\/style>\t\t<div class=\"elementor-spacer\">\n\t\t\t<div class=\"elementor-spacer-inner\"><\/div>\n\t\t<\/div>\n\t\t\t\t<\/div>\n\t\t\t\t<\/div>\n\t\t\t\t<div class=\"elementor-element elementor-element-86d0780 elementor-widget elementor-widget-text-editor\" data-id=\"86d0780\" data-element_type=\"widget\" data-widget_type=\"text-editor.default\">\n\t\t\t\t<div class=\"elementor-widget-container\">\n\t\t\t<style>\/*! elementor - v3.23.0 - 05-08-2024 *\/\n.elementor-widget-text-editor.elementor-drop-cap-view-stacked .elementor-drop-cap{background-color:#69727d;color:#fff}.elementor-widget-text-editor.elementor-drop-cap-view-framed .elementor-drop-cap{color:#69727d;border:3px solid;background-color:transparent}.elementor-widget-text-editor:not(.elementor-drop-cap-view-default) .elementor-drop-cap{margin-top:8px}.elementor-widget-text-editor:not(.elementor-drop-cap-view-default) .elementor-drop-cap-letter{width:1em;height:1em}.elementor-widget-text-editor .elementor-drop-cap{float:left;text-align:center;line-height:1;font-size:50px}.elementor-widget-text-editor .elementor-drop-cap-letter{display:inline-block}<\/style>\t\t\t\t<p>Pentru a face site-ul nostru mai u\u0219or \u0219i mai intuitiv, folosim module cookie. Cookie-urile sunt mici fragmente de date care ne permit s\u0103 compar\u0103m vizitatorii noi cu cei din trecut \u0219i s\u0103 \u00een\u021belegem modul \u00een care utilizatorii navigheaz\u0103 pe site-ul nostru. Folosim datele colectate prin cookie-uri pentru a face experien\u021ba de navigare mai pl\u0103cut\u0103 \u0219i mai eficient\u0103 \u00een viitor.<\/p><p>Cookie-urile nu \u00eenregistreaz\u0103 informa\u021bii personale despre un utilizator, iar eventualele date cu caracter de identificabilitate nu vor fi stocate. Dac\u0103 dori\u021bi s\u0103 dezactiva\u021bi utilizarea modulelor cookie, este necesar s\u0103 personaliza\u021bi set\u0103rile calculatorului set\u00e2nd anularea tuturor cookie-urilor sau activ\u00e2nd un mesaj de avertizare atunci c\u00e2nd sunt stocate module cookie. Pentru a continua f\u0103r\u0103 a modifica aplica\u021bia cookie-urilor, este suficient s\u0103 continua\u021bi navigarea pe site.<\/p><p>Accesa\u021bi www.aboutcookies.org pentru mai multe informa\u021bii despre modulele cookie \u0219i despre modul \u00een care acestea afecteaz\u0103 experien\u021ba dvs. de navigare.<\/p><p>Tipurile de cookie-uri pe care le folosim<\/p><p>Google Analytics<\/p><p>Acest site utilizeaz\u0103 Google Analytics, un serviciu de analiz\u0103 web furnizat de Google, Inc. (\u201eGoogle\u201d). Google Analytics folose\u0219te cookie-urile, fi\u0219iere text plasate pe computerul dvs. pentru a permite site-ului s\u0103 analizeze modul \u00een care utilizatorii utilizeaz\u0103 site-ul.<\/p><p>Informa\u021biile generate de cookie-uri despre utilizarea site-ului web (inclusiv adresa IP anonim\u0103) vor fi transmise \u0219i stocate de Google pe serverele din Statele Unite. Google va utiliza aceste informa\u021bii pentru a examina utilizarea de c\u0103tre dvs. a site-ului web, efectuarea rapoartelor privind activitatea website-ului pentru operatorii de site \u0219i furnizarea altor servicii legate de activitatea website-ului \u0219i de utilizarea internetului.<\/p><p>Google poate, de asemenea, s\u0103 transmit\u0103 aceste informa\u021bii unor ter\u021be p\u0103r\u021bi, \u00een cazul \u00een care acest lucru este cerut de lege sau \u00een cazul \u00een care aceste ter\u021be p\u0103r\u021bi proceseaz\u0103 informa\u021biile \u00een numele Google. Google nu va asocia adresa dvs. IP cu alte date de\u021binute de Google.<\/p><p>Pute\u021bi refuza s\u0103 utiliza\u021bi modulele cookie select\u00e2nd set\u0103rile corespunz\u0103toare din browser-ul dvs., dar re\u021bine\u021bi c\u0103, dac\u0103 face\u021bi acest lucru, este posibil s\u0103 nu pute\u021bi utiliza toate func\u021biile acestui website. Prin utilizarea acestui website, sunte\u021bi de acord cu prelucrarea datelor dvs. de c\u0103tre Google \u00een modul \u0219i \u00een scopurile men\u021bionate mai sus. Pute\u021bi \u00eempiedica Google s\u0103 detecteze un modul cookie generat din cauza utiliz\u0103rii acestui website: (inclusiv adresa IP) \u0219i prelucrarea acestor date prin desc\u0103rcarea \u0219i instalarea acestui plug-in pentru browser:<\/p><p>http:\/\/tools.google.com\/dlpage\/gaoptout?hl=en<\/p><p>Alte cookie-uri p\u0103r\u021bi ter\u021be<\/p><p>Pe unele pagini ale site-ului nostru pot exista con\u021binuturi de servicii cum ar fi YouTube sau Facebook. Nu control\u0103m modulele cookie utilizate de aceste servicii, prin urmare, \u00eei invit\u0103m pe utilizatori no\u0219tri s\u0103 acceseze site-ul acestor ter\u021be p\u0103r\u021bi pentru informa\u021bii adecvate.<\/p><p>Cum s\u0103 gestiona\u021bi cookie-urile pe PC<\/p><p>Google Chrome<\/p><ol><li>1. Face\u021bi clic pe \u201eInstrumente\u201d \u00een partea de sus a ferestrei browser-ului \u0219i selecta\u021bi \u201eOp\u021biuni\u201d<\/li><li>2. Face\u021bi clic pe sec\u021biunea \u201eConfiden\u021bialitate\u201d \u0219i selecta\u021bi butonul \u201eSet\u0103ri de con\u021binut\u201d<\/li><li>Acum, selecta\u021bi \u201ePermite\u021bi setarea datelor locale\u201d<\/li><\/ol><p>Microsoft Internet Explorer 6.0, 7.0, 8.0, 9.0<\/p><ol><li>Face\u021bi clic pe \u201eInstrumente\u201d din partea superioar\u0103 a ferestrei browser-ului \u0219i selecta\u021bi \u201eOp\u021biuni Internet\u201d, apoi face\u021bi clic pe fila \u201eConfiden\u021bialitate\u201d<\/li><li>Pentru a activa cookie-urile \u00een browser-ul dvs., asigura\u021bi-v\u0103 c\u0103 nivelul dvs. de confiden\u021bialitate este setat la \u201eMediu\u201d sau mai jos,<\/li><li>Prin setarea nivelului de confiden\u021bialitate de mai sus, ve\u021bi dezactiva utilizarea cookie-urilor.<\/li><\/ol><p>Mozilla Firefox<\/p><ol><li>1. Face\u021bi clic pe \u201eInstrumente\u201d \u00een partea de sus a ferestrei browser-ului \u0219i selecta\u021bi \u201eOp\u021biuni\u201d<\/li><li>Apoi selecta\u021bi pictograma \u201eConfiden\u021bialitate\u201d<\/li><li>Face\u021bi clic pe Cookies, apoi selecta\u021bi \u201ePermit site-ului folosirea de cookies\u201d<\/li><\/ol><p>Safari<\/p><ol><li>Face\u021bi clic pe pictograma \u201eCog\u201d \u00een partea de sus a ferestrei browser-ului \u0219i selecta\u021bi op\u021biunea \u201ePreferin\u021be\u201d<\/li><li>Face\u021bi clic pe \u201eProtec\u021bie\u201d, selecta\u021bi op\u021biunea \u201eBloca\u021bi module cookie ter\u021b\u0103 parte \u0219i publicitate\u201d<\/li><li>Face\u021bi clic pe \u201eSalva\u021bi\u201d<\/li><\/ol><p>Cum s\u0103 gestiona\u021bi cookie-urile pe Mac<\/p><p>Microsoft Internet Explorer 5.0 pe OSX<\/p><ol><li>Face\u021bi clic pe \u201eExplora\u021bi\u201d \u00een partea de sus a ferestrei browser-ului \u0219i selecta\u021bi op\u021biunea \u201ePreferin\u021be\u201d<\/li><li>Derula\u021bi \u00een jos p\u00e2n\u0103 c\u00e2nd vede\u021bi \u201eCookies\u201d \u00een sec\u021biunea File Primite<\/li><li>Selecta\u021bi op\u021biunea \u201eNu \u00eentreba\u021bi\u201d<\/li><\/ol><p>Safari on OSX<\/p><ol><li>Face\u021bi clic pe \u201eSafari\u201d \u00een partea de sus a ferestrei browser-ului \u0219i selecta\u021bi op\u021biunea \u201ePreferin\u021be\u201d<\/li><li>Face\u021bi clic pe \u201eSecuritate\u201d \u0219i apoi pe \u201eAccept cookies\u201d<\/li><li>Selecta\u021bi \u201eDoar din site\u201d<\/li><\/ol><p>Mozilla and Netscape on OSX<\/p><ol><li>Face\u021bi clic pe \u201eMozilla\u201d sau \u201eNetscape\u201d \u00een partea de sus a ferestrei browser-ului \u0219i selecta\u021bi op\u021biunea \u201ePreferin\u021be\u201d<\/li><li>Derula\u021bi \u00een jos p\u00e2n\u0103 c\u00e2nd vede\u021bi modulele cookie din sec\u021biunea \u201eConfiden\u021bialitate \u0219i securitate\u201d<\/li><li>Selecta\u021bi \u201eActiva\u021bi modulele cookie numai pentru site-ul ini\u021bial\u201d<\/li><\/ol><p>Opera<\/p><ol><li>Face\u021bi clic pe \u201eMeniu\u201d din partea de sus a ferestrei browser-ului \u0219i selecta\u021bi \u201eSet\u0103ri\u201d<\/li><li>Apoi selecta\u021bi \u201ePreferin\u021be\u201d, selecta\u021bi fila \u201eAvansat\u201d<\/li><li>Apoi selecta\u021bi op\u021biunea \u201eAccept cookies\u201d<\/li><\/ol>\t\t\t\t\t\t<\/div>\n\t\t\t\t<\/div>\n\t\t\t\t\t<\/div>\n\t\t<\/div>\n\t\t\t\t\t<\/div>\n\t\t<\/section>\n\t\t\t\t<\/div>","protected":false},"excerpt":{"rendered":"<p>Cookie Policy To make our website easier and more intuitive, we use cookies. Cookies are small pieces of data that allow us to compare new visitors with past visitors and understand how users navigate our site. We use the data collected through cookies to make the browsing experience more pleasant and efficient in the future.&hellip;&nbsp;<a href=\"https:\/\/zoomstaffing.ro\/ro\/cookie-policy\/\" class=\"\" rel=\"bookmark\">Cite\u0219te mai mult &raquo;<span class=\"screen-reader-text\">Politica cookie<\/span><\/a><\/p>","protected":false},"author":1,"featured_media":0,"parent":0,"menu_order":0,"comment_status":"closed","ping_status":"closed","template":"elementor_header_footer","meta":{"neve_meta_sidebar":"","neve_meta_container":"","neve_meta_enable_content_width":"","neve_meta_content_width":0,"neve_meta_title_alignment":"","neve_meta_author_avatar":"","neve_post_elements_order":"","neve_meta_disable_header":"","neve_meta_disable_footer":"","neve_meta_disable_title":"","footnotes":""},"class_list":["post-450","page","type-page","status-publish","hentry"],"_links":{"self":[{"href":"https:\/\/zoomstaffing.ro\/ro\/wp-json\/wp\/v2\/pages\/450","targetHints":{"allow":["GET"]}}],"collection":[{"href":"https:\/\/zoomstaffing.ro\/ro\/wp-json\/wp\/v2\/pages"}],"about":[{"href":"https:\/\/zoomstaffing.ro\/ro\/wp-json\/wp\/v2\/types\/page"}],"author":[{"embeddable":true,"href":"https:\/\/zoomstaffing.ro\/ro\/wp-json\/wp\/v2\/users\/1"}],"replies":[{"embeddable":true,"href":"https:\/\/zoomstaffing.ro\/ro\/wp-json\/wp\/v2\/comments?post=450"}],"version-history":[{"count":0,"href":"https:\/\/zoomstaffing.ro\/ro\/wp-json\/wp\/v2\/pages\/450\/revisions"}],"wp:attachment":[{"href":"https:\/\/zoomstaffing.ro\/ro\/wp-json\/wp\/v2\/media?parent=450"}],"curies":[{"name":"wp","href":"https:\/\/api.w.org\/{rel}","templated":true}]}}